{"id":12179,"date":"2025-01-16T15:29:05","date_gmt":"2025-01-16T19:29:05","guid":{"rendered":"https:\/\/cybercommunications-pr.com\/~acceptapayments\/?page_id=12179"},"modified":"2026-04-22T09:25:35","modified_gmt":"2026-04-22T13:25:35","slug":"ach-holiday-schedule","status":"publish","type":"page","link":"https:\/\/acceptapayments.com\/es\/ach-holiday-schedule\/","title":{"rendered":"Calendario festivo de ACH"},"content":{"rendered":"<div data-elementor-type=\"wp-page\" data-elementor-id=\"12179\" class=\"elementor elementor-12179\">\n\t\t\t\t        <section class=\"elementor-section elementor-top-section elementor-element elementor-element-7f2cff6 elementor-section-stretched elementor-section-boxed elementor-section-height-default elementor-section-height-default ct-header-fixed-none ct-column-none ct-row-scroll-none ct-row-gradient--none\" data-id=\"7f2cff6\" data-element_type=\"section\" data-e-type=\"section\" data-settings=\"{&quot;stretch_section&quot;:&quot;section-stretched&quot;,&quot;background_background&quot;:&quot;classic&quot;}\">\n            \n                        <div class=\"elementor-container elementor-column-gap-extended\">\n                    <div class=\"elementor-column elementor-col-100 elementor-top-column elementor-element elementor-element-cd7c79a ct-column-none col-offset-none col-color-offset-none\" data-id=\"cd7c79a\" data-element_type=\"column\" data-e-type=\"column\">\n        <div class=\"elementor-widget-wrap elementor-element-populated\">\n                    \n                <section class=\"elementor-section elementor-inner-section elementor-element elementor-element-fc4c3f3 elementor-section-content-middle elementor-section-boxed elementor-section-height-default elementor-section-height-default ct-header-fixed-none ct-column-none ct-row-scroll-none ct-row-gradient--none\" data-id=\"fc4c3f3\" data-element_type=\"section\" data-e-type=\"section\">\n            \n                        <div class=\"elementor-container elementor-column-gap-extended\">\n                    <div class=\"elementor-column elementor-col-50 elementor-inner-column elementor-element elementor-element-52e0abf ct-column-none col-offset-none col-color-offset-none\" data-id=\"52e0abf\" data-element_type=\"column\" data-e-type=\"column\">\n        <div class=\"elementor-widget-wrap elementor-element-populated\">\n                    \n        \t\t<div class=\"elementor-element elementor-element-98c729d elementor-widget elementor-widget-ct_heading\" data-id=\"98c729d\" data-element_type=\"widget\" data-e-type=\"widget\" data-widget_type=\"ct_heading.default\">\n\t\t\t\t<div class=\"elementor-widget-container\">\n\t\t\t\t\t<div id=\"ct_heading-98c729d\" class=\"ct-heading h-align- item-st-default highlight-style1\">\r\n  <div class=\"ct-heading--inner\"> \r\n    <div class=\"ct-inline-css\"  data-css=\"                                \">\r\n    <\/div>\r\n  \r\n\t    <h3 class=\"item--title st-default\" data-wow-delay=\"ms\">\r\n        <span class=\"ct-text-inner\">Calendario de no\n         <cite class=\"ct-text-highlight\">\r\n            procesamiento de ACH        <\/cite>\r\n        <\/span>    <\/h3>\r\n  <\/div>\r\n<\/div>\r\n\t\t\t\t<\/div>\n\t\t\t\t<\/div>\n\t\t            <\/div>\n        <\/div>\n                <div class=\"elementor-column elementor-col-50 elementor-inner-column elementor-element elementor-element-f66f351 ct-column-none col-offset-none col-color-offset-none\" data-id=\"f66f351\" data-element_type=\"column\" data-e-type=\"column\">\n        <div class=\"elementor-widget-wrap elementor-element-populated\">\n                    \n        \t\t<div class=\"elementor-element elementor-element-c1502ec elementor-widget elementor-widget-ct_text_editor\" data-id=\"c1502ec\" data-element_type=\"widget\" data-e-type=\"widget\" data-widget_type=\"ct_text_editor.default\">\n\t\t\t\t<div class=\"elementor-widget-container\">\n\t\t\t\t\t<div id=\"ct_text_editor-c1502ec\" class=\"ct-text-editor\" data-wow-delay=\"ms\">\n\t<div class=\"ct-item--inner\">\n\t\t<div class=\"ct-inline-css\"  data-css=\"\t        \t\t\t\">\n\n\t    <\/div>\n\t\t<div class=\"ct-text-editor elementor-clearfix\">\n\t\t\t<div class=\"et_pb_column et_pb_column_1_2 et_pb_column_1 et_pb_css_mix_blend_mode_passthrough\"><div class=\"et_pb_module et_pb_text et_pb_text_0 et_pb_text_align_left et_pb_bg_layout_dark et_had_animation\"><div class=\"et_pb_text_inner\"><p>D\u00edas festivos del Banco de la Reserva Federal de los Estados Unidos. Los bancos de la Reserva Federal no procesar\u00e1n transacciones ACH en los d\u00edas que se indican a continuaci\u00f3n. Si tiene alguna pregunta, p\u00f3ngase en contacto con nosotros en\u202f<a href=\"tel:7877741555\">(787) 774-1555<\/a>.<\/p><\/div><\/div><\/div>\t\t\n\t\t<\/div>\n\t<\/div>\n<\/div>\t\t\t\t<\/div>\n\t\t\t\t<\/div>\n\t\t            <\/div>\n        <\/div>\n                    <\/div>\n        <\/section>\n                <section class=\"elementor-section elementor-inner-section elementor-element elementor-element-192ebe7 elementor-section-content-middle elementor-section-boxed elementor-section-height-default elementor-section-height-default ct-header-fixed-none ct-column-none ct-row-scroll-none ct-row-gradient--none\" data-id=\"192ebe7\" data-element_type=\"section\" data-e-type=\"section\">\n            \n                        <div class=\"elementor-container elementor-column-gap-extended\">\n                    <div class=\"elementor-column elementor-col-100 elementor-inner-column elementor-element elementor-element-2c37c6f ct-column-none col-offset-none col-color-offset-none\" data-id=\"2c37c6f\" data-element_type=\"column\" data-e-type=\"column\">\n        <div class=\"elementor-widget-wrap elementor-element-populated\">\n                    \n        \t\t<div class=\"elementor-element elementor-element-a669636 elementor-widget elementor-widget-text-editor\" data-id=\"a669636\" data-element_type=\"widget\" data-e-type=\"widget\" data-widget_type=\"text-editor.default\">\n\t\t\t\t<div class=\"elementor-widget-container\">\n\t\t\t\t\t\t\t\t\t<table style=\"width: 100%; border-collapse: collapse; font-family: Arial, sans-serif;\">\n  <tbody>\n    <tr style=\"background-color: #ffffff; color: #1f1f1f;\">\n      <td style=\"border: 1px solid #ccc; padding: 10px;\"><strong>D\u00edas festivos<\/strong><\/td>\n      <td style=\"border: 1px solid #ccc; padding: 10px;\"><strong>2022<\/strong><\/td>\n      <td style=\"border: 1px solid #ccc; padding: 10px;\"><strong>2023<\/strong><\/td>\n      <td style=\"border: 1px solid #ccc; padding: 10px;\"><strong>2024<\/strong><\/td>\n      <td style=\"border: 1px solid #ccc; padding: 10px;\"><strong>2025<\/strong><\/td>\n      <td style=\"border: 1px solid #ccc; padding: 10px;\"><strong>2026<\/strong><\/td>\n    <\/tr>\n    <tr>\n      <td style=\"border: 1px solid #ccc; padding: 10px;\"><strong>A\u00f1o Nuevo<\/strong><\/td>\n      <td style=\"border: 1px solid #ccc; padding: 10px;\">1 de Enero*<\/td>\n      <td style=\"border: 1px solid #ccc; padding: 10px;\">1 de Enero**<\/td>\n      <td style=\"border: 1px solid #ccc; padding: 10px;\">1 de Enero<\/td>\n      <td style=\"border: 1px solid #ccc; padding: 10px;\">1 de Enero<\/td>\n      <td style=\"border: 1px solid #ccc; padding: 10px;\">1 de Enero<\/td>\n    <\/tr>\n    <tr>\n      <td style=\"border: 1px solid #ccc; padding: 10px;\"><strong>Birthday of Martin Luther King, Jr.<\/strong><\/td>\n      <td style=\"border: 1px solid #ccc; padding: 10px;\">17 de Enero<\/td>\n      <td style=\"border: 1px solid #ccc; padding: 10px;\">16 de Enero<\/td>\n      <td style=\"border: 1px solid #ccc; padding: 10px;\">15 de Enero<\/td>\n      <td style=\"border: 1px solid #ccc; padding: 10px;\">20 de Enero<\/td>\n      <td style=\"border: 1px solid #ccc; padding: 10px;\">January 19<\/td>\n    <\/tr>\n    <tr>\n      <td style=\"border: 1px solid #ccc; padding: 10px;\"><strong>Cumplea\u00f1os de Washington<\/strong><\/td>\n      <td style=\"border: 1px solid #ccc; padding: 10px;\">21 de Febrero<\/td>\n      <td style=\"border: 1px solid #ccc; padding: 10px;\">20 de Febrero<\/td>\n      <td style=\"border: 1px solid #ccc; padding: 10px;\">19 de Febrero<\/td>\n      <td style=\"border: 1px solid #ccc; padding: 10px;\">17 de Febrero<\/td>\n      <td style=\"border: 1px solid #ccc; padding: 10px;\">February 16<\/td>\n    <\/tr>\n    <tr>\n      <td style=\"border: 1px solid #ccc; padding: 10px;\"><strong>D\u00eda de los Ca\u00eddos<\/strong><\/td>\n      <td style=\"border: 1px solid #ccc; padding: 10px;\">30 de Mayo<\/td>\n      <td style=\"border: 1px solid #ccc; padding: 10px;\">29 de Mayo<\/td>\n      <td style=\"border: 1px solid #ccc; padding: 10px;\">27 de Mayo<\/td>\n      <td style=\"border: 1px solid #ccc; padding: 10px;\">26 de Mayo<\/td>\n      <td style=\"border: 1px solid #ccc; padding: 10px;\">May 25<\/td>\n    <\/tr>\n    <tr>\n      <td style=\"border: 1px solid #ccc; padding: 10px;\"><strong>Juneteenth National Independence Day<\/strong><\/td>\n      <td style=\"border: 1px solid #ccc; padding: 10px;\">June 20*<\/td>\n      <td style=\"border: 1px solid #ccc; padding: 10px;\">June 19<\/td>\n      <td style=\"border: 1px solid #ccc; padding: 10px;\">June 19<\/td>\n      <td style=\"border: 1px solid #ccc; padding: 10px;\">June 19<\/td>\n      <td style=\"border: 1px solid #ccc; padding: 10px;\">June 19<\/td>\n    <\/tr>\n    <tr>\n      <td style=\"border: 1px solid #ccc; padding: 10px;\"><strong>D\u00eda de la Independencia<\/strong><\/td>\n      <td style=\"border: 1px solid #ccc; padding: 10px;\">4 de Julio<\/td>\n      <td style=\"border: 1px solid #ccc; padding: 10px;\">4 de Julio<\/td>\n      <td style=\"border: 1px solid #ccc; padding: 10px;\">4 de Julio<\/td>\n      <td style=\"border: 1px solid #ccc; padding: 10px;\">4 de Julio<\/td>\n      <td style=\"border: 1px solid #ccc; padding: 10px;\">4 de Julio<\/td>\n    <\/tr>\n    <tr>\n      <td style=\"border: 1px solid #ccc; padding: 10px;\"><strong>D\u00eda del Trabajo<\/strong><\/td>\n      <td style=\"border: 1px solid #ccc; padding: 10px;\">5 de Septiembre<\/td>\n      <td style=\"border: 1px solid #ccc; padding: 10px;\">4 de Septiembre<\/td>\n      <td style=\"border: 1px solid #ccc; padding: 10px;\">2 de Septiembre<\/td>\n      <td style=\"border: 1px solid #ccc; padding: 10px;\">1 de Septiembre<\/td>\n      <td style=\"border: 1px solid #ccc; padding: 10px;\">September 7<\/td>\n    <\/tr>\n    <tr>\n      <td style=\"border: 1px solid #ccc; padding: 10px;\"><strong>D\u00eda de Col\u00f3n<\/strong><\/td>\n      <td style=\"border: 1px solid #ccc; padding: 10px;\">10 de Octubre<\/td>\n      <td style=\"border: 1px solid #ccc; padding: 10px;\">9 de Octubre<\/td>\n      <td style=\"border: 1px solid #ccc; padding: 10px;\">14 de Octubre<\/td>\n      <td style=\"border: 1px solid #ccc; padding: 10px;\">13 de Octubre<\/td>\n      <td style=\"border: 1px solid #ccc; padding: 10px;\">October 12<\/td>\n    <\/tr>\n    <tr>\n      <td style=\"border: 1px solid #ccc; padding: 10px;\"><strong>D\u00eda de los Veteranos<\/strong><\/td>\n      <td style=\"border: 1px solid #ccc; padding: 10px;\">11 de Noviembre<\/td>\n      <td style=\"border: 1px solid #ccc; padding: 10px;\">11 de Noviembre*<\/td>\n      <td style=\"border: 1px solid #ccc; padding: 10px;\">11 de Noviembre<\/td>\n      <td style=\"border: 1px solid #ccc; padding: 10px;\">11 de Noviembre<\/td>\n      <td style=\"border: 1px solid #ccc; padding: 10px;\">11 de Noviembre<\/td>\n    <\/tr>\n    <tr>\n      <td style=\"border: 1px solid #ccc; padding: 10px;\"><strong>D\u00eda de Acci\u00f3n de Gracias<\/strong><\/td>\n      <td style=\"border: 1px solid #ccc; padding: 10px;\">24 de Noviembre<\/td>\n      <td style=\"border: 1px solid #ccc; padding: 10px;\">23 de Noviembre<\/td>\n      <td style=\"border: 1px solid #ccc; padding: 10px;\">28 de Noviembre<\/td>\n      <td style=\"border: 1px solid #ccc; padding: 10px;\">27 de Noviembre<\/td>\n      <td style=\"border: 1px solid #ccc; padding: 10px;\">November 26<\/td>\n    <\/tr>\n    <tr>\n      <td style=\"border: 1px solid #ccc; padding: 10px;\"><strong>D\u00eda de Navidad<\/strong><\/td>\n      <td style=\"border: 1px solid #ccc; padding: 10px;\">25 de Diciembre**<\/td>\n      <td style=\"border: 1px solid #ccc; padding: 10px;\">25 de Diciembre<\/td>\n      <td style=\"border: 1px solid #ccc; padding: 10px;\">25 de Diciembre<\/td>\n      <td style=\"border: 1px solid #ccc; padding: 10px;\">25 de Diciembre<\/td>\n      <td style=\"border: 1px solid #ccc; padding: 10px;\">25 de Diciembre<\/td>\n    <\/tr>\n  <\/tbody>\n<\/table>\n\n<p>&nbsp;<\/p>\t\t\t\t\t\t\t\t<\/div>\n\t\t\t\t<\/div>\n\t\t            <\/div>\n        <\/div>\n                    <\/div>\n        <\/section>\n                <section class=\"elementor-section elementor-inner-section elementor-element elementor-element-6fad898 elementor-section-content-middle elementor-section-boxed elementor-section-height-default elementor-section-height-default ct-header-fixed-none ct-column-none ct-row-scroll-none ct-row-gradient--none\" data-id=\"6fad898\" data-element_type=\"section\" data-e-type=\"section\">\n            \n                        <div class=\"elementor-container elementor-column-gap-extended\">\n                    <div class=\"elementor-column elementor-col-100 elementor-inner-column elementor-element elementor-element-3c08483 ct-column-none col-offset-none col-color-offset-none\" data-id=\"3c08483\" data-element_type=\"column\" data-e-type=\"column\">\n        <div class=\"elementor-widget-wrap elementor-element-populated\">\n                    \n        \t\t<div class=\"elementor-element elementor-element-7b02541 elementor-widget elementor-widget-text-editor\" data-id=\"7b02541\" data-element_type=\"widget\" data-e-type=\"widget\" data-widget_type=\"text-editor.default\">\n\t\t\t\t<div class=\"elementor-widget-container\">\n\t\t\t\t\t\t\t\t\t<p>* Los d\u00edas festivos que caigan en s\u00e1bado, los bancos y sucursales de la Reserva Federal abrir\u00e1n el viernes anterior. Los d\u00edas festivos que caigan en domingo, las oficinas de la Reserva Federal permanecer\u00e1n cerradas el lunes siguiente.<\/p><p>** Accepta permanecer\u00e1 cerrado desde las 2:00 p. m., hora est\u00e1ndar del Atl\u00e1ntico, del 24 de diciembre, v\u00edspera de Navidad, hasta el 25 de diciembre, d\u00eda de Navidad, y desde el 31 de diciembre, v\u00edspera de A\u00f1o Nuevo, hasta el 1 de enero, d\u00eda de A\u00f1o Nuevo.<\/p>\t\t\t\t\t\t\t\t<\/div>\n\t\t\t\t<\/div>\n\t\t            <\/div>\n        <\/div>\n                    <\/div>\n        <\/section>\n                    <\/div>\n        <\/div>\n                    <\/div>\n        <\/section>\n        \t\t<\/div>","protected":false},"excerpt":{"rendered":"<p>\u202fACH Non-Processing Calendars United States Federal Reserve Bank Holidays. Federal Reserve Banks will not be processing ACH transactions on the days described below. If you have any questions, please contact us at\u202f(787) 774-1555. Holidays 2022 2023 2024 2025 2026 New Year\u2019s Day January 1* January 1** January 1 January 1 January 1 Birthday of Martin [&hellip;]<\/p>\n","protected":false},"author":2,"featured_media":0,"parent":0,"menu_order":0,"comment_status":"closed","ping_status":"closed","template":"","meta":{"iawp_total_views":391,"footnotes":""},"class_list":["post-12179","page","type-page","status-publish","hentry"],"featured_image_src":null,"featured_image_src_square":null,"_links":{"self":[{"href":"https:\/\/acceptapayments.com\/es\/wp-json\/wp\/v2\/pages\/12179","targetHints":{"allow":["GET"]}}],"collection":[{"href":"https:\/\/acceptapayments.com\/es\/wp-json\/wp\/v2\/pages"}],"about":[{"href":"https:\/\/acceptapayments.com\/es\/wp-json\/wp\/v2\/types\/page"}],"author":[{"embeddable":true,"href":"https:\/\/acceptapayments.com\/es\/wp-json\/wp\/v2\/users\/2"}],"replies":[{"embeddable":true,"href":"https:\/\/acceptapayments.com\/es\/wp-json\/wp\/v2\/comments?post=12179"}],"version-history":[{"count":0,"href":"https:\/\/acceptapayments.com\/es\/wp-json\/wp\/v2\/pages\/12179\/revisions"}],"wp:attachment":[{"href":"https:\/\/acceptapayments.com\/es\/wp-json\/wp\/v2\/media?parent=12179"}],"curies":[{"name":"wp","href":"https:\/\/api.w.org\/{rel}","templated":true}]}}